{"id":153,"date":"2017-03-08T03:41:27","date_gmt":"2017-03-08T03:41:27","guid":{"rendered":"http:\/\/localhost\/delizus\/?page_id=153"},"modified":"2026-03-09T15:00:09","modified_gmt":"2026-03-09T15:00:09","slug":"eventos","status":"publish","type":"page","link":"https:\/\/itakuarestaurante.com.ar\/index.php\/eventos\/","title":{"rendered":"Eventos"},"content":{"rendered":"\t\t<div data-elementor-type=\"wp-page\" data-elementor-id=\"153\" class=\"elementor elementor-153\" data-elementor-post-type=\"page\">\n\t\t\t\t<div class=\"elementor-element elementor-element-e8cc040 e-flex e-con-boxed e-con e-parent\" data-id=\"e8cc040\" data-element_type=\"container\" data-e-type=\"container\">\n\t\t\t\t\t<div class=\"e-con-inner\">\n\t\t<div class=\"elementor-element elementor-element-c119789 e-con-full e-flex e-con e-child\" data-id=\"c119789\" data-element_type=\"container\" data-e-type=\"container\">\n\t\t\t\t<div class=\"elementor-element elementor-element-1cfec79 elementor-widget elementor-widget-image\" data-id=\"1cfec79\" data-element_type=\"widget\" data-e-type=\"widget\" data-widget_type=\"image.default\">\n\t\t\t\t<div class=\"elementor-widget-container\">\n\t\t\t\t\t\t\t\t\t\t\t\t\t\t\t<img fetchpriority=\"high\" decoding=\"async\" width=\"340\" height=\"510\" src=\"https:\/\/itakuarestaurante.com.ar\/wp-content\/uploads\/2026\/03\/2025-07-25.webp\" class=\"attachment-large size-large wp-image-1291\" alt=\"\" srcset=\"https:\/\/itakuarestaurante.com.ar\/wp-content\/uploads\/2026\/03\/2025-07-25.webp 340w, https:\/\/itakuarestaurante.com.ar\/wp-content\/uploads\/2026\/03\/2025-07-25-200x300.webp 200w\" sizes=\"(max-width: 340px) 100vw, 340px\" \/>\t\t\t\t\t\t\t\t\t\t\t\t\t\t\t<\/div>\n\t\t\t\t<\/div>\n\t\t\t\t<\/div>\n\t\t<div class=\"elementor-element elementor-element-7874c6c e-con-full e-flex e-con e-child\" data-id=\"7874c6c\" data-element_type=\"container\" data-e-type=\"container\">\n\t\t\t\t<div class=\"elementor-element elementor-element-0bf771e elementor-widget elementor-widget-heading\" data-id=\"0bf771e\" data-element_type=\"widget\" data-e-type=\"widget\" data-widget_type=\"heading.default\">\n\t\t\t\t<div class=\"elementor-widget-container\">\n\t\t\t\t\t<h2 class=\"elementor-heading-title elementor-size-default\">Celebraciones inolvidables con la mejor vista de Posadas.<\/h2>\t\t\t\t<\/div>\n\t\t\t\t<\/div>\n\t\t\t\t<div class=\"elementor-element elementor-element-1087624 elementor-widget elementor-widget-text-editor\" data-id=\"1087624\" data-element_type=\"widget\" data-e-type=\"widget\" data-widget_type=\"text-editor.default\">\n\t\t\t\t<div class=\"elementor-widget-container\">\n\t\t\t\t\t\t\t\t\t<p>Dejanos tus datos o escribinos por WhatsApp para recibir un presupuesto personalizado y conocer nuestra disponibilidad de fechas.<\/p>\t\t\t\t\t\t\t\t<\/div>\n\t\t\t\t<\/div>\n\t\t\t\t<div class=\"elementor-element elementor-element-50bf3d6 elementor-widget elementor-widget-button\" data-id=\"50bf3d6\" data-element_type=\"widget\" data-e-type=\"widget\" data-widget_type=\"button.default\">\n\t\t\t\t<div class=\"elementor-widget-container\">\n\t\t\t\t\t\t\t\t\t<div class=\"elementor-button-wrapper\">\n\t\t\t\t\t<a class=\"elementor-button elementor-button-link elementor-size-sm\" href=\"https:\/\/itakuarestaurante.com.ar\/index.php\/contact-us\/\">\n\t\t\t\t\t\t<span class=\"elementor-button-content-wrapper\">\n\t\t\t\t\t\t\t\t\t<span class=\"elementor-button-text\">Consultar presupuesto<\/span>\n\t\t\t\t\t<\/span>\n\t\t\t\t\t<\/a>\n\t\t\t\t<\/div>\n\t\t\t\t\t\t\t\t<\/div>\n\t\t\t\t<\/div>\n\t\t\t\t<\/div>\n\t\t\t\t\t<\/div>\n\t\t\t\t<\/div>\n\t\t<div class=\"elementor-element elementor-element-d940611 e-flex e-con-boxed e-con e-parent\" data-id=\"d940611\" data-element_type=\"container\" data-e-type=\"container\">\n\t\t\t\t\t<div class=\"e-con-inner\">\n\t\t<div class=\"elementor-element elementor-element-7b505e6 e-con-full e-flex e-con e-child\" data-id=\"7b505e6\" data-element_type=\"container\" data-e-type=\"container\">\n\t\t\t\t<div class=\"elementor-element elementor-element-e1725e8 elementor-widget elementor-widget-heading\" data-id=\"e1725e8\" data-element_type=\"widget\" data-e-type=\"widget\" data-widget_type=\"heading.default\">\n\t\t\t\t<div class=\"elementor-widget-container\">\n\t\t\t\t\t<h2 class=\"elementor-heading-title elementor-size-default\">Festejos Boutique &amp; Reuniones Privadas.<\/h2>\t\t\t\t<\/div>\n\t\t\t\t<\/div>\n\t\t\t\t<div class=\"elementor-element elementor-element-7c0a3e2 elementor-widget elementor-widget-text-editor\" data-id=\"7c0a3e2\" data-element_type=\"widget\" data-e-type=\"widget\" data-widget_type=\"text-editor.default\">\n\t\t\t\t<div class=\"elementor-widget-container\">\n\t\t\t\t\t\t\t\t\t<p>Especialistas en encuentros de <em><b data-path-to-node=\"5,1,0\" data-index-in-node=\"39\">20 a 60 personas<\/b>.<\/em> Ya sea en nuestra Cava o en sectores exclusivos de la terraza, garantizamos un ambiente c\u00e1lido y privado donde la escala del lugar se ajusta a la calidez de tu evento.<\/p>\t\t\t\t\t\t\t\t<\/div>\n\t\t\t\t<\/div>\n\t\t\t\t<\/div>\n\t\t<div class=\"elementor-element elementor-element-e308f37 e-con-full e-flex e-con e-child\" data-id=\"e308f37\" data-element_type=\"container\" data-e-type=\"container\">\n\t\t\t\t<div class=\"elementor-element elementor-element-53db685 elementor-widget elementor-widget-image\" data-id=\"53db685\" data-element_type=\"widget\" data-e-type=\"widget\" data-widget_type=\"image.default\">\n\t\t\t\t<div class=\"elementor-widget-container\">\n\t\t\t\t\t\t\t\t\t\t\t\t\t\t\t<img decoding=\"async\" src=\"https:\/\/itakuarestaurante.com.ar\/wp-content\/uploads\/elementor\/thumbs\/2025-07-25-1-rk9bx3vitj97o7i0rt6c9qg065i0hf0ws3jiyr4a0o.webp\" title=\"2025-07-25\" alt=\"2025-07-25\" loading=\"lazy\" \/>\t\t\t\t\t\t\t\t\t\t\t\t\t\t\t<\/div>\n\t\t\t\t<\/div>\n\t\t\t\t<\/div>\n\t\t<div class=\"elementor-element elementor-element-8af5ce3 e-con-full e-flex e-con e-child\" data-id=\"8af5ce3\" data-element_type=\"container\" data-e-type=\"container\">\n\t\t\t\t<div class=\"elementor-element elementor-element-81eed46 elementor-widget elementor-widget-image\" data-id=\"81eed46\" data-element_type=\"widget\" data-e-type=\"widget\" data-widget_type=\"image.default\">\n\t\t\t\t<div class=\"elementor-widget-container\">\n\t\t\t\t\t\t\t\t\t\t\t\t\t\t\t<img decoding=\"async\" src=\"https:\/\/itakuarestaurante.com.ar\/wp-content\/uploads\/elementor\/thumbs\/2025-07-25-1-1-rk9by3le18m3xe24z8m5whfiqslylwypl0bz79nbg8.webp\" title=\"2025-07-25 (1)\" alt=\"2025-07-25 (1)\" loading=\"lazy\" \/>\t\t\t\t\t\t\t\t\t\t\t\t\t\t\t<\/div>\n\t\t\t\t<\/div>\n\t\t\t\t<\/div>\n\t\t<div class=\"elementor-element elementor-element-1bbda0f e-con-full e-flex e-con e-child\" data-id=\"1bbda0f\" data-element_type=\"container\" data-e-type=\"container\">\n\t\t\t\t<div class=\"elementor-element elementor-element-1ff6f36 elementor-widget elementor-widget-heading\" data-id=\"1ff6f36\" data-element_type=\"widget\" data-e-type=\"widget\" data-widget_type=\"heading.default\">\n\t\t\t\t<div class=\"elementor-widget-container\">\n\t\t\t\t\t<h2 class=\"elementor-heading-title elementor-size-default\">El Sal\u00f3n a tu Medida (Hasta 250 invitados).<\/h2>\t\t\t\t<\/div>\n\t\t\t\t<\/div>\n\t\t\t\t<div class=\"elementor-element elementor-element-65e194c elementor-widget elementor-widget-text-editor\" data-id=\"65e194c\" data-element_type=\"widget\" data-e-type=\"widget\" data-widget_type=\"text-editor.default\">\n\t\t\t\t<div class=\"elementor-widget-container\">\n\t\t\t\t\t\t\t\t\t<p>Para celebraciones de mayor magnitud, ofrecemos la posibilidad del <em><b data-path-to-node=\"7,1,0\" data-index-in-node=\"75\">cierre total del establecimiento<\/b>.<\/em> Con capacidad de hasta <em><b data-path-to-node=\"7,1,0\" data-index-in-node=\"132\">250 personas<\/b><\/em>, transformamos Itaku\u00e1 en un sal\u00f3n privado exclusivo con el R\u00edo Paran\u00e1 como \u00fanico testigo de tu gran noche.<\/p>\t\t\t\t\t\t\t\t<\/div>\n\t\t\t\t<\/div>\n\t\t\t\t<\/div>\n\t\t\t\t\t<\/div>\n\t\t\t\t<\/div>\n\t\t<div class=\"elementor-element elementor-element-b675828 e-flex e-con-boxed e-con e-parent\" data-id=\"b675828\" data-element_type=\"container\" data-e-type=\"container\">\n\t\t\t\t\t<div class=\"e-con-inner\">\n\t\t\t\t<div class=\"elementor-element elementor-element-36a9594 elementor-widget elementor-widget-heading\" data-id=\"36a9594\" data-element_type=\"widget\" data-e-type=\"widget\" data-widget_type=\"heading.default\">\n\t\t\t\t<div class=\"elementor-widget-container\">\n\t\t\t\t\t<h3 class=\"elementor-heading-title elementor-size-default\">Servicios Detallados<\/h3>\t\t\t\t<\/div>\n\t\t\t\t<\/div>\n\t\t\t\t\t<\/div>\n\t\t\t\t<\/div>\n\t\t<div class=\"elementor-element elementor-element-6daf2a4 e-flex e-con-boxed e-con e-parent\" data-id=\"6daf2a4\" data-element_type=\"container\" data-e-type=\"container\">\n\t\t\t\t\t<div class=\"e-con-inner\">\n\t\t<div class=\"elementor-element elementor-element-4090cdd e-con-full e-flex e-con e-child\" data-id=\"4090cdd\" data-element_type=\"container\" data-e-type=\"container\">\n\t\t\t\t<div class=\"elementor-element elementor-element-df7254c elementor-widget elementor-widget-image\" data-id=\"df7254c\" data-element_type=\"widget\" data-e-type=\"widget\" data-widget_type=\"image.default\">\n\t\t\t\t<div class=\"elementor-widget-container\">\n\t\t\t\t\t\t\t\t\t\t\t\t\t\t\t<img decoding=\"async\" width=\"1024\" height=\"495\" src=\"https:\/\/itakuarestaurante.com.ar\/wp-content\/uploads\/2024\/03\/Provoleta-rellena-1024x495.png\" class=\"attachment-large size-large wp-image-1016\" alt=\"\" srcset=\"https:\/\/itakuarestaurante.com.ar\/wp-content\/uploads\/2024\/03\/Provoleta-rellena-1024x495.png 1024w, https:\/\/itakuarestaurante.com.ar\/wp-content\/uploads\/2024\/03\/Provoleta-rellena-300x145.png 300w, https:\/\/itakuarestaurante.com.ar\/wp-content\/uploads\/2024\/03\/Provoleta-rellena-768x371.png 768w, https:\/\/itakuarestaurante.com.ar\/wp-content\/uploads\/2024\/03\/Provoleta-rellena-600x290.png 600w, https:\/\/itakuarestaurante.com.ar\/wp-content\/uploads\/2024\/03\/Provoleta-rellena.png 1200w\" sizes=\"(max-width: 1024px) 100vw, 1024px\" \/>\t\t\t\t\t\t\t\t\t\t\t\t\t\t\t<\/div>\n\t\t\t\t<\/div>\n\t\t\t\t<div class=\"elementor-element elementor-element-80623b3 elementor-widget elementor-widget-heading\" data-id=\"80623b3\" data-element_type=\"widget\" data-e-type=\"widget\" data-widget_type=\"heading.default\">\n\t\t\t\t<div class=\"elementor-widget-container\">\n\t\t\t\t\t<h3 class=\"elementor-heading-title elementor-size-default\">Gastronom\u00eda &amp; Cava<\/h3>\t\t\t\t<\/div>\n\t\t\t\t<\/div>\n\t\t\t\t<div class=\"elementor-element elementor-element-cadfa87 elementor-widget elementor-widget-text-editor\" data-id=\"cadfa87\" data-element_type=\"widget\" data-e-type=\"widget\" data-widget_type=\"text-editor.default\">\n\t\t\t\t<div class=\"elementor-widget-container\">\n\t\t\t\t\t\t\t\t\t<p>Llevamos nuestra cocina de autor a tu evento. Men\u00fas personalizados, finger food y una cava exclusiva con las mejores etiquetas para maridar tu celebraci\u00f3n.<\/p>\t\t\t\t\t\t\t\t<\/div>\n\t\t\t\t<\/div>\n\t\t\t\t<\/div>\n\t\t<div class=\"elementor-element elementor-element-98403f7 e-con-full e-flex e-con e-child\" data-id=\"98403f7\" data-element_type=\"container\" data-e-type=\"container\">\n\t\t\t\t<div class=\"elementor-element elementor-element-c45e7e3 elementor-widget elementor-widget-image\" data-id=\"c45e7e3\" data-element_type=\"widget\" data-e-type=\"widget\" data-widget_type=\"image.default\">\n\t\t\t\t<div class=\"elementor-widget-container\">\n\t\t\t\t\t\t\t\t\t\t\t\t\t\t\t<img decoding=\"async\" src=\"https:\/\/itakuarestaurante.com.ar\/wp-content\/uploads\/elementor\/thumbs\/itakua-restaurante-frente-rjz2i63w45zldcxrq5qyq0k3uqliub73s8k8f5snvg.jpg\" title=\"itakua-restaurante-frente\" alt=\"Restaurante en Posadas.\" loading=\"lazy\" \/>\t\t\t\t\t\t\t\t\t\t\t\t\t\t\t<\/div>\n\t\t\t\t<\/div>\n\t\t\t\t<div class=\"elementor-element elementor-element-7a793b2 elementor-widget elementor-widget-heading\" data-id=\"7a793b2\" data-element_type=\"widget\" data-e-type=\"widget\" data-widget_type=\"heading.default\">\n\t\t\t\t<div class=\"elementor-widget-container\">\n\t\t\t\t\t<h3 class=\"elementor-heading-title elementor-size-default\">Infraestructura &amp; Confort<\/h3>\t\t\t\t<\/div>\n\t\t\t\t<\/div>\n\t\t\t\t<div class=\"elementor-element elementor-element-d07b0fc elementor-widget elementor-widget-text-editor\" data-id=\"d07b0fc\" data-element_type=\"widget\" data-e-type=\"widget\" data-widget_type=\"text-editor.default\">\n\t\t\t\t<div class=\"elementor-widget-container\">\n\t\t\t\t\t\t\t\t\t<p data-path-to-node=\"4,1,1,0,0\">Sal\u00f3n totalmente climatizado, mobiliario de dise\u00f1o y conectividad de alta velocidad. Todo pensado para que el clima y la t\u00e9cnica sean perfectos.<\/p>\t\t\t\t\t\t\t\t<\/div>\n\t\t\t\t<\/div>\n\t\t\t\t<\/div>\n\t\t<div class=\"elementor-element elementor-element-acde4e9 e-con-full e-flex e-con e-child\" data-id=\"acde4e9\" data-element_type=\"container\" data-e-type=\"container\">\n\t\t\t\t<div class=\"elementor-element elementor-element-144980d elementor-widget elementor-widget-image\" data-id=\"144980d\" data-element_type=\"widget\" data-e-type=\"widget\" data-widget_type=\"image.default\">\n\t\t\t\t<div class=\"elementor-widget-container\">\n\t\t\t\t\t\t\t\t\t\t\t\t\t\t\t<img decoding=\"async\" width=\"1024\" height=\"495\" src=\"https:\/\/itakuarestaurante.com.ar\/wp-content\/uploads\/2024\/03\/Matambre-a-la-pizza-1024x495.png\" class=\"attachment-large size-large wp-image-1015\" alt=\"\" srcset=\"https:\/\/itakuarestaurante.com.ar\/wp-content\/uploads\/2024\/03\/Matambre-a-la-pizza-1024x495.png 1024w, https:\/\/itakuarestaurante.com.ar\/wp-content\/uploads\/2024\/03\/Matambre-a-la-pizza-300x145.png 300w, https:\/\/itakuarestaurante.com.ar\/wp-content\/uploads\/2024\/03\/Matambre-a-la-pizza-768x371.png 768w, https:\/\/itakuarestaurante.com.ar\/wp-content\/uploads\/2024\/03\/Matambre-a-la-pizza-600x290.png 600w, https:\/\/itakuarestaurante.com.ar\/wp-content\/uploads\/2024\/03\/Matambre-a-la-pizza.png 1200w\" sizes=\"(max-width: 1024px) 100vw, 1024px\" \/>\t\t\t\t\t\t\t\t\t\t\t\t\t\t\t<\/div>\n\t\t\t\t<\/div>\n\t\t\t\t<div class=\"elementor-element elementor-element-2b5f098 elementor-widget elementor-widget-heading\" data-id=\"2b5f098\" data-element_type=\"widget\" data-e-type=\"widget\" data-widget_type=\"heading.default\">\n\t\t\t\t<div class=\"elementor-widget-container\">\n\t\t\t\t\t<h3 class=\"elementor-heading-title elementor-size-default\">Coordinaci\u00f3n Dedicada<\/h3>\t\t\t\t<\/div>\n\t\t\t\t<\/div>\n\t\t\t\t<div class=\"elementor-element elementor-element-80bbf14 elementor-widget elementor-widget-text-editor\" data-id=\"80bbf14\" data-element_type=\"widget\" data-e-type=\"widget\" data-widget_type=\"text-editor.default\">\n\t\t\t\t<div class=\"elementor-widget-container\">\n\t\t\t\t\t\t\t\t\t<p>Un equipo de anfitriones y mozos profesionales enfocados en que vos solo te ocupes de disfrutar. Atenci\u00f3n senior en cada detalle.<\/p>\t\t\t\t\t\t\t\t<\/div>\n\t\t\t\t<\/div>\n\t\t\t\t<\/div>\n\t\t\t\t\t<\/div>\n\t\t\t\t<\/div>\n\t\t<div class=\"elementor-element elementor-element-3f4bed4a e-flex e-con-boxed e-con e-parent\" data-id=\"3f4bed4a\" data-element_type=\"container\" data-e-type=\"container\">\n\t\t\t\t\t<div class=\"e-con-inner\">\n\t\t\t\t<div class=\"elementor-element elementor-element-3c871087 elementor-hidden-desktop elementor-hidden-tablet elementor-hidden-mobile elementor-widget elementor-widget-text-editor\" data-id=\"3c871087\" data-element_type=\"widget\" data-e-type=\"widget\" data-widget_type=\"text-editor.default\">\n\t\t\t\t<div class=\"elementor-widget-container\">\n\t\t\t\t\t\t\t\t\t<p>[vc_row][vc_column][latestevent number=\u00bb-1&#8243;][\/vc_column][\/vc_row]<\/p>\t\t\t\t\t\t\t\t<\/div>\n\t\t\t\t<\/div>\n\t\t\t\t\t<\/div>\n\t\t\t\t<\/div>\n\t\t<div class=\"elementor-element elementor-element-bf07be2 e-flex e-con-boxed e-con e-parent\" data-id=\"bf07be2\" data-element_type=\"container\" data-e-type=\"container\">\n\t\t\t\t\t<div class=\"e-con-inner\">\n\t\t\t\t<div class=\"elementor-element elementor-element-1ca69f7 elementor-widget elementor-widget-video\" data-id=\"1ca69f7\" data-element_type=\"widget\" data-e-type=\"widget\" data-settings=\"{&quot;video_type&quot;:&quot;hosted&quot;,&quot;start&quot;:0,&quot;end&quot;:25,&quot;controls&quot;:&quot;yes&quot;}\" data-widget_type=\"video.default\">\n\t\t\t\t<div class=\"elementor-widget-container\">\n\t\t\t\t\t\t\t<div class=\"e-hosted-video elementor-wrapper elementor-open-inline\">\n\t\t\t\t\t<video class=\"elementor-video\" src=\"https:\/\/itakuarestaurante.com.ar\/wp-content\/uploads\/2026\/03\/Cumpleanos-Aniversarios-Reuniones-Empresariales-Agasajos.-Itakua-en-el-centro-de-la-Costan.mp4#t=,25\" controls=\"\" preload=\"metadata\" controlsList=\"nodownload\"><\/video>\n\t\t\t\t<\/div>\n\t\t\t\t\t\t<\/div>\n\t\t\t\t<\/div>\n\t\t\t\t\t<\/div>\n\t\t\t\t<\/div>\n\t\t\t\t<\/div>\n\t\t","protected":false},"excerpt":{"rendered":"<p>Celebraciones inolvidables con la mejor vista de Posadas. Dejanos tus datos o escribinos por WhatsApp para recibir un presupuesto personalizado y conocer nuestra disponibilidad de fechas. Consultar presupuesto Festejos Boutique &amp; Reuniones Privadas. Especialistas en encuentros de 20 a 60 personas. Ya sea en nuestra Cava o en sectores exclusivos de la terraza, garantizamos un [&hellip;]<\/p>\n","protected":false},"author":1,"featured_media":0,"parent":0,"menu_order":0,"comment_status":"closed","ping_status":"closed","template":"","meta":{"site-sidebar-layout":"default","site-content-layout":"","ast-site-content-layout":"default","site-content-style":"default","site-sidebar-style":"default","ast-global-header-display":"","ast-banner-title-visibility":"","ast-main-header-display":"","ast-hfb-above-header-display":"","ast-hfb-below-header-display":"","ast-hfb-mobile-header-display":"","site-post-title":"disabled","ast-breadcrumbs-content":"","ast-featured-img":"","footer-sml-layout":"","ast-disable-related-posts":"","theme-transparent-header-meta":"","adv-header-id-meta":"","stick-header-meta":"","header-above-stick-meta":"","header-main-stick-meta":"","header-below-stick-meta":"","astra-migrate-meta-layouts":"default","ast-page-background-enabled":"default","ast-page-background-meta":{"desktop":{"background-color":"","background-image":"","background-repeat":"repeat","background-position":"center center","background-size":"auto","background-attachment":"scroll","background-type":"","background-media":"","overlay-type":"","overlay-color":"","overlay-opacity":"","overlay-gradient":""},"tablet":{"background-color":"","background-image":"","background-repeat":"repeat","background-position":"center center","background-size":"auto","background-attachment":"scroll","background-type":"","background-media":"","overlay-type":"","overlay-color":"","overlay-opacity":"","overlay-gradient":""},"mobile":{"background-color":"","background-image":"","background-repeat":"repeat","background-position":"center center","background-size":"auto","background-attachment":"scroll","background-type":"","background-media":"","overlay-type":"","overlay-color":"","overlay-opacity":"","overlay-gradient":""}},"ast-content-background-meta":{"desktop":{"background-color":"var(--ast-global-color-5)","background-image":"","background-repeat":"repeat","background-position":"center center","background-size":"auto","background-attachment":"scroll","background-type":"","background-media":"","overlay-type":"","overlay-color":"","overlay-opacity":"","overlay-gradient":""},"tablet":{"background-color":"var(--ast-global-color-5)","background-image":"","background-repeat":"repeat","background-position":"center center","background-size":"auto","background-attachment":"scroll","background-type":"","background-media":"","overlay-type":"","overlay-color":"","overlay-opacity":"","overlay-gradient":""},"mobile":{"background-color":"var(--ast-global-color-5)","background-image":"","background-repeat":"repeat","background-position":"center center","background-size":"auto","background-attachment":"scroll","background-type":"","background-media":"","overlay-type":"","overlay-color":"","overlay-opacity":"","overlay-gradient":""}},"footnotes":""},"class_list":["post-153","page","type-page","status-publish","hentry"],"_links":{"self":[{"href":"https:\/\/itakuarestaurante.com.ar\/index.php\/wp-json\/wp\/v2\/pages\/153","targetHints":{"allow":["GET"]}}],"collection":[{"href":"https:\/\/itakuarestaurante.com.ar\/index.php\/wp-json\/wp\/v2\/pages"}],"about":[{"href":"https:\/\/itakuarestaurante.com.ar\/index.php\/wp-json\/wp\/v2\/types\/page"}],"author":[{"embeddable":true,"href":"https:\/\/itakuarestaurante.com.ar\/index.php\/wp-json\/wp\/v2\/users\/1"}],"replies":[{"embeddable":true,"href":"https:\/\/itakuarestaurante.com.ar\/index.php\/wp-json\/wp\/v2\/comments?post=153"}],"version-history":[{"count":58,"href":"https:\/\/itakuarestaurante.com.ar\/index.php\/wp-json\/wp\/v2\/pages\/153\/revisions"}],"predecessor-version":[{"id":1340,"href":"https:\/\/itakuarestaurante.com.ar\/index.php\/wp-json\/wp\/v2\/pages\/153\/revisions\/1340"}],"wp:attachment":[{"href":"https:\/\/itakuarestaurante.com.ar\/index.php\/wp-json\/wp\/v2\/media?parent=153"}],"curies":[{"name":"wp","href":"https:\/\/api.w.org\/{rel}","templated":true}]}}